{"id":92,"date":"2015-06-22T08:16:11","date_gmt":"2015-06-22T05:16:11","guid":{"rendered":"http:\/\/www.makisigorta.com\/?page_id=92"},"modified":"2015-06-23T09:54:25","modified_gmt":"2015-06-23T06:54:25","slug":"ozel-guvenlik-mali-sorumluluk","status":"publish","type":"page","link":"http:\/\/www.makisigorta.com.tr\/index.php\/ozel-guvenlik-mali-sorumluluk\/","title":{"rendered":"\u00d6zel G\u00fcvenlik Mali Sorumluluk"},"content":{"rendered":"<p><strong>Sigortan\u0131n Kapsam\u0131<\/strong><br \/>\n\u0130stihdam edilen \u00f6zel g\u00fcvenlik g\u00f6revlilerinin, \u00f6zel g\u00fcvenlik hizmetine dair mevzuat \u00e7er\u00e7evesindeki g\u00f6revlerini yerine getirmeleri s\u0131ras\u0131nda, \u00fc\u00e7\u00fcnc\u00fc \u015fah\u0131slara verecekleri zararlar sonucu olu\u015fabilecek tazminat taleplerini teminat alt\u0131na al\u0131r.<\/p>\n<p>Bu sigorta, sigorta ettirenin, sigorta konusu olaylar sonucunda kendisine y\u00f6neltilebilecek haks\u0131z taleplere kar\u015f\u0131 savunmas\u0131n\u0131 da temin eder.<\/p>\n<p>G\u00fcvenlik g\u00f6revlilerinin, hangi adreste, hangi faaliyeti g\u00f6steren \u015firket i\u00e7in ve ka\u00e7 ki\u015fi olarak hizmet verdikleri bilgisine g\u00f6re yasal olarak teminat limitleri de\u011fi\u015fiklik g\u00f6stermektedir.<\/p>\n","protected":false},"excerpt":{"rendered":"<p>Sigortan\u0131n Kapsam\u0131 \u0130stihdam edilen \u00f6zel g\u00fcvenlik g\u00f6revlilerinin, \u00f6zel g\u00fcvenlik hizmetine dair mevzuat \u00e7er\u00e7evesindeki g\u00f6revlerini yerine getirmeleri s\u0131ras\u0131nda, \u00fc\u00e7\u00fcnc\u00fc \u015fah\u0131slara verecekleri zararlar sonucu olu\u015fabilecek tazminat taleplerini teminat alt\u0131na al\u0131r. Bu sigorta, &#8230;<\/p>\n","protected":false},"author":1,"featured_media":0,"parent":0,"menu_order":0,"comment_status":"closed","ping_status":"closed","template":"","meta":{"footnotes":""},"_links":{"self":[{"href":"http:\/\/www.makisigorta.com.tr\/index.php\/wp-json\/wp\/v2\/pages\/92"}],"collection":[{"href":"http:\/\/www.makisigorta.com.tr\/index.php\/wp-json\/wp\/v2\/pages"}],"about":[{"href":"http:\/\/www.makisigorta.com.tr\/index.php\/wp-json\/wp\/v2\/types\/page"}],"author":[{"embeddable":true,"href":"http:\/\/www.makisigorta.com.tr\/index.php\/wp-json\/wp\/v2\/users\/1"}],"replies":[{"embeddable":true,"href":"http:\/\/www.makisigorta.com.tr\/index.php\/wp-json\/wp\/v2\/comments?post=92"}],"version-history":[{"count":1,"href":"http:\/\/www.makisigorta.com.tr\/index.php\/wp-json\/wp\/v2\/pages\/92\/revisions"}],"predecessor-version":[{"id":93,"href":"http:\/\/www.makisigorta.com.tr\/index.php\/wp-json\/wp\/v2\/pages\/92\/revisions\/93"}],"wp:attachment":[{"href":"http:\/\/www.makisigorta.com.tr\/index.php\/wp-json\/wp\/v2\/media?parent=92"}],"curies":[{"name":"wp","href":"https:\/\/api.w.org\/{rel}","templated":true}]}}