{"id":80,"date":"2015-06-22T08:12:04","date_gmt":"2015-06-22T05:12:04","guid":{"rendered":"http:\/\/www.makisigorta.com\/?page_id=80"},"modified":"2015-06-23T09:53:40","modified_gmt":"2015-06-23T06:53:40","slug":"karayollari-motorlu-araclar-zorunlu-mali-sorumluluk-sigortasi","status":"publish","type":"page","link":"http:\/\/www.makisigorta.com.tr\/index.php\/karayollari-motorlu-araclar-zorunlu-mali-sorumluluk-sigortasi\/","title":{"rendered":"Karayollar\u0131 Motorlu Ara\u00e7lar Zorunlu Mali Sorumluluk Sigortas\u0131"},"content":{"rendered":"<h3><strong>Sigortan\u0131n Kapsam\u0131<\/strong><\/h3>\n<p>Sigortac\u0131, poli\u00e7ede tan\u0131mlanan motorlu arac\u0131n i\u015fletilmesi s\u0131ras\u0131nda, bir kimsenin \u00f6l\u00fcm\u00fcne veya yaralanmas\u0131na veya bir \u015feyin zarara u\u011framas\u0131na sebebiyet vermi\u015f olmas\u0131ndan dolay\u0131, 2918 say\u0131l\u0131 Karayollar\u0131 Trafik Kanununa g\u00f6re i\u015fletene d\u00fc\u015fen hukuki sorumlulu\u011fu, zorunlu sigorta limitlerine kadar temin eder.<\/p>\n<p>Bu sigorta, \u015fehirleraras\u0131 veya uluslar aras\u0131 yolcu ta\u015f\u0131yan ve sigorta s\u00f6zle\u015fmesinde kay\u0131tl\u0131 bulunan yolcular\u0131n, s\u00fcr\u00fcc\u00fclerin ve yard\u0131mc\u0131lar\u0131n ta\u015f\u0131mac\u0131l\u0131k hizmetinin ba\u015flang\u0131c\u0131ndan bitimine kadar, mola ve duraklamalar dahil ge\u00e7en yolculuk s\u00fcresi i\u00e7erisinde maruz kalacaklar\u0131 her t\u00fcrl\u00fc kazalar\u0131n sonu\u00e7lar\u0131na kar\u015f\u0131 teminat verir. Her bir motorlu kara ta\u015f\u0131t\u0131 i\u00e7in ayr\u0131 poli\u00e7e d\u00fczenlenir. Poli\u00e7e kanunen zorunlu olup primi pe\u015fin \u00f6denmek zorundad\u0131r.<\/p>\n<p>Meydana gelen bir kazada zarar\u0131n \u00f6nlenmesi veya azalt\u0131lmas\u0131 amac\u0131yla, sigorta ettirenin yapaca\u011f\u0131 makul ve zorunlu masraflar sigortac\u0131 taraf\u0131ndan kar\u015f\u0131lan\u0131r .<\/p>\n","protected":false},"excerpt":{"rendered":"<p>Sigortan\u0131n Kapsam\u0131 Sigortac\u0131, poli\u00e7ede tan\u0131mlanan motorlu arac\u0131n i\u015fletilmesi s\u0131ras\u0131nda, bir kimsenin \u00f6l\u00fcm\u00fcne veya yaralanmas\u0131na veya bir \u015feyin zarara u\u011framas\u0131na sebebiyet vermi\u015f olmas\u0131ndan dolay\u0131, 2918 say\u0131l\u0131 Karayollar\u0131 Trafik Kanununa g\u00f6re i\u015fletene &#8230;<\/p>\n","protected":false},"author":1,"featured_media":0,"parent":0,"menu_order":0,"comment_status":"closed","ping_status":"closed","template":"","meta":{"footnotes":""},"_links":{"self":[{"href":"http:\/\/www.makisigorta.com.tr\/index.php\/wp-json\/wp\/v2\/pages\/80"}],"collection":[{"href":"http:\/\/www.makisigorta.com.tr\/index.php\/wp-json\/wp\/v2\/pages"}],"about":[{"href":"http:\/\/www.makisigorta.com.tr\/index.php\/wp-json\/wp\/v2\/types\/page"}],"author":[{"embeddable":true,"href":"http:\/\/www.makisigorta.com.tr\/index.php\/wp-json\/wp\/v2\/users\/1"}],"replies":[{"embeddable":true,"href":"http:\/\/www.makisigorta.com.tr\/index.php\/wp-json\/wp\/v2\/comments?post=80"}],"version-history":[{"count":1,"href":"http:\/\/www.makisigorta.com.tr\/index.php\/wp-json\/wp\/v2\/pages\/80\/revisions"}],"predecessor-version":[{"id":81,"href":"http:\/\/www.makisigorta.com.tr\/index.php\/wp-json\/wp\/v2\/pages\/80\/revisions\/81"}],"wp:attachment":[{"href":"http:\/\/www.makisigorta.com.tr\/index.php\/wp-json\/wp\/v2\/media?parent=80"}],"curies":[{"name":"wp","href":"https:\/\/api.w.org\/{rel}","templated":true}]}}