{"id":62,"date":"2015-06-22T08:04:51","date_gmt":"2015-06-22T05:04:51","guid":{"rendered":"http:\/\/www.makisigorta.com\/?page_id=62"},"modified":"2015-06-23T09:53:08","modified_gmt":"2015-06-23T06:53:08","slug":"ferdi-kaza-sigortasi-2","status":"publish","type":"page","link":"http:\/\/www.makisigorta.com.tr\/index.php\/ferdi-kaza-sigortasi-2\/","title":{"rendered":"Ferdi Kaza Sigortas\u0131"},"content":{"rendered":"<p><strong>Ana Teminatlar<\/strong><\/p>\n<ul>\n<li>\u00d6l\u00fcm<\/li>\n<li>S\u00fcrekli Sakatl\u0131k<\/li>\n<\/ul>\n<p><strong>\u0130ste\u011fe Ba\u011fl\u0131 Al\u0131nabilecek Teminatlar<\/strong><\/p>\n<ul>\n<li>Ferdi Kaza Deprem<\/li>\n<li>Ferdi Kaza Ter\u00f6r<\/li>\n<\/ul>\n<p>Sigortal\u0131 ki\u015fi, kendi iradesi d\u0131\u015f\u0131nda meydana gelebilecek ani ve harici kazalara kar\u015f\u0131 teminat alt\u0131na al\u0131n\u0131r.<\/p>\n<p><strong>Teminatlar<\/strong><\/p>\n<ul>\n<li><strong>\u00d6l\u00fcm:<\/strong> Bu teminat ile herhangi bir kaza sonucu vefat eden sigortal\u0131n\u0131n, kanuni varislerine \u00f6denen tazminat\u0131 i\u00e7ermektedir.16 ya\u015f\u0131ndan k\u00fc\u00e7\u00fckler i\u00e7in i\u015fbu teminat sadece cenaze masraflar\u0131 ile ve azami 1.000 TL ile s\u0131n\u0131rl\u0131d\u0131r.<\/li>\n<li><strong>S\u00fcrekli Sakatl\u0131k:<\/strong> Bu teminat ile herhangi bir kaza sonucu s\u00fcrekli bir sakatl\u0131\u011fa maruz kalan sigortal\u0131ya, u\u011frad\u0131\u011f\u0131 sakatl\u0131k derecesine g\u00f6re tazminat \u00f6denir.<\/li>\n<\/ul>\n<p><strong>\u0130ste\u011fe Ba\u011fl\u0131 Al\u0131nabilecek Teminatlar<\/strong><\/p>\n<ul>\n<ul>\n<li><strong>Ferdi Kaza Ter\u00f6r Teminat\u0131<\/strong><\/li>\n<\/ul>\n<\/ul>\n<p>Genel \u015eartlar Madde 6\/g gere\u011fi; 5 inci maddenin e bendinde belirtilen zararlar ve ayn\u0131 maddenin g bendinde belirtilen ter\u00f6r ve sabotaj eylemlerine kat\u0131lma hali hari\u00e7 olmak \u00fczere, 3713 say\u0131l\u0131 Ter\u00f6rle M\u00fccadele Kanununda belirtilen ter\u00f6r eylemleri ve sabotaj sonucunda olu\u015fan veya bu eylemleri \u00f6nlemek ve etkilerini azaltmak amac\u0131yla yetkili organlar taraf\u0131ndan yap\u0131lan m\u00fcdahaleler teminata dahildir.<\/p>\n<ul>\n<ul>\n<li><strong>Ferdi Kaza Deprem Teminat\u0131<\/strong><\/li>\n<\/ul>\n<\/ul>\n<p>Genel \u015eartlar Madde 6\/f gere\u011fi; deprem sonucu olu\u015fan hasarlar teminata dahildir.<\/p>\n","protected":false},"excerpt":{"rendered":"<p>Ana Teminatlar \u00d6l\u00fcm S\u00fcrekli Sakatl\u0131k \u0130ste\u011fe Ba\u011fl\u0131 Al\u0131nabilecek Teminatlar Ferdi Kaza Deprem Ferdi Kaza Ter\u00f6r Sigortal\u0131 ki\u015fi, kendi iradesi d\u0131\u015f\u0131nda meydana gelebilecek ani ve harici kazalara kar\u015f\u0131 teminat alt\u0131na al\u0131n\u0131r. &#8230;<\/p>\n","protected":false},"author":1,"featured_media":0,"parent":0,"menu_order":0,"comment_status":"closed","ping_status":"closed","template":"","meta":{"footnotes":""},"_links":{"self":[{"href":"http:\/\/www.makisigorta.com.tr\/index.php\/wp-json\/wp\/v2\/pages\/62"}],"collection":[{"href":"http:\/\/www.makisigorta.com.tr\/index.php\/wp-json\/wp\/v2\/pages"}],"about":[{"href":"http:\/\/www.makisigorta.com.tr\/index.php\/wp-json\/wp\/v2\/types\/page"}],"author":[{"embeddable":true,"href":"http:\/\/www.makisigorta.com.tr\/index.php\/wp-json\/wp\/v2\/users\/1"}],"replies":[{"embeddable":true,"href":"http:\/\/www.makisigorta.com.tr\/index.php\/wp-json\/wp\/v2\/comments?post=62"}],"version-history":[{"count":2,"href":"http:\/\/www.makisigorta.com.tr\/index.php\/wp-json\/wp\/v2\/pages\/62\/revisions"}],"predecessor-version":[{"id":113,"href":"http:\/\/www.makisigorta.com.tr\/index.php\/wp-json\/wp\/v2\/pages\/62\/revisions\/113"}],"wp:attachment":[{"href":"http:\/\/www.makisigorta.com.tr\/index.php\/wp-json\/wp\/v2\/media?parent=62"}],"curies":[{"name":"wp","href":"https:\/\/api.w.org\/{rel}","templated":true}]}}